{"id":2461,"date":"2023-10-02T17:07:29","date_gmt":"2023-10-02T17:07:29","guid":{"rendered":"https:\/\/federicofrazer.com\/?page_id=2461"},"modified":"2023-10-02T17:20:59","modified_gmt":"2023-10-02T17:20:59","slug":"michelob-noche","status":"publish","type":"page","link":"https:\/\/federicofrazer.com\/index.php\/michelob-noche\/","title":{"rendered":"Michelob Noche"},"content":{"rendered":"\t\t<div data-elementor-type=\"wp-page\" data-elementor-id=\"2461\" class=\"elementor elementor-2461\">\n\t\t\t\t\t\t<section class=\"elementor-section elementor-top-section elementor-element elementor-element-521bd53e elementor-section-boxed elementor-section-height-default elementor-section-height-default\" data-id=\"521bd53e\" data-element_type=\"section\">\n\t\t\t\t\t\t<div class=\"elementor-container elementor-column-gap-default\">\n\t\t\t\t\t<div class=\"elementor-column elementor-col-100 elementor-top-column elementor-element elementor-element-7280c3d4\" data-id=\"7280c3d4\" data-element_type=\"column\">\n\t\t\t<div class=\"elementor-widget-wrap elementor-element-populated\">\n\t\t\t\t\t\t<div class=\"elementor-element elementor-element-4e479e3d elementor-widget elementor-widget-video\" data-id=\"4e479e3d\" data-element_type=\"widget\" data-settings=\"{&quot;video_type&quot;:&quot;vimeo&quot;}\" data-widget_type=\"video.default\">\n\t\t\t\t<div class=\"elementor-widget-container\">\n\t\t\t\t\t\t\t<div class=\"elementor-wrapper elementor-open-inline\">\n\t\t\t<iframe class=\"elementor-video-iframe\" allowfullscreen allow=\"clipboard-write\" title=\"vimeo Video Player\" src=\"https:\/\/player.vimeo.com\/video\/870370143?color&amp;autopause=0&amp;loop=0&amp;muted=0&amp;title=0&amp;portrait=0&amp;byline=0#t=\"><\/iframe>\t\t<\/div>\n\t\t\t\t\t\t<\/div>\n\t\t\t\t<\/div>\n\t\t\t\t\t<\/div>\n\t\t<\/div>\n\t\t\t\t\t<\/div>\n\t\t<\/section>\n\t\t\t\t<section class=\"elementor-section elementor-top-section elementor-element elementor-element-7eed66e1 elementor-section-boxed elementor-section-height-default elementor-section-height-default\" data-id=\"7eed66e1\" data-element_type=\"section\">\n\t\t\t\t\t\t<div class=\"elementor-container elementor-column-gap-default\">\n\t\t\t\t\t<div class=\"elementor-column elementor-col-100 elementor-top-column elementor-element elementor-element-7ae00aee\" data-id=\"7ae00aee\" data-element_type=\"column\">\n\t\t\t<div class=\"elementor-widget-wrap elementor-element-populated\">\n\t\t\t\t\t\t<div class=\"elementor-element elementor-element-35ffdb1b elementor-widget elementor-widget-html\" data-id=\"35ffdb1b\" data-element_type=\"widget\" data-widget_type=\"html.default\">\n\t\t\t\t<div class=\"elementor-widget-container\">\n\t\t\t\t\t<div id=\"seccion-destino\">\n    <!-- El contenido de la secci\u00f3n se cargar\u00e1 aqu\u00ed -->\n<\/div>\n\n<script src=\"https:\/\/code.jquery.com\/jquery-3.6.0.min.js\"><\/script>\n<script>\n    $(document).ready(function(){\n        $('#seccion-destino').load('www.federicofrazer.com\/Home #Galeria');\n    });\n    \n<\/script>\n\t\t\t\t<\/div>\n\t\t\t\t<\/div>\n\t\t\t\t\t<\/div>\n\t\t<\/div>\n\t\t\t\t\t<\/div>\n\t\t<\/section>\n\t\t\t\t<\/div>\n\t\t","protected":false},"excerpt":{"rendered":"","protected":false},"author":1,"featured_media":0,"parent":0,"menu_order":0,"comment_status":"closed","ping_status":"closed","template":"","meta":{"site-sidebar-layout":"no-sidebar","site-content-layout":"page-builder","ast-site-content-layout":"full-width-container","site-content-style":"unboxed","site-sidebar-style":"unboxed","ast-global-header-display":"","ast-banner-title-visibility":"","ast-main-header-display":"","ast-hfb-above-header-display":"","ast-hfb-below-header-display":"","ast-hfb-mobile-header-display":"","site-post-title":"disabled","ast-breadcrumbs-content":"","ast-featured-img":"disabled","footer-sml-layout":"","theme-transparent-header-meta":"","adv-header-id-meta":"","stick-header-meta":"","header-above-stick-meta":"","header-main-stick-meta":"","header-below-stick-meta":"","astra-migrate-meta-layouts":"set","footnotes":""},"_links":{"self":[{"href":"https:\/\/federicofrazer.com\/index.php\/wp-json\/wp\/v2\/pages\/2461"}],"collection":[{"href":"https:\/\/federicofrazer.com\/index.php\/wp-json\/wp\/v2\/pages"}],"about":[{"href":"https:\/\/federicofrazer.com\/index.php\/wp-json\/wp\/v2\/types\/page"}],"author":[{"embeddable":true,"href":"https:\/\/federicofrazer.com\/index.php\/wp-json\/wp\/v2\/users\/1"}],"replies":[{"embeddable":true,"href":"https:\/\/federicofrazer.com\/index.php\/wp-json\/wp\/v2\/comments?post=2461"}],"version-history":[{"count":7,"href":"https:\/\/federicofrazer.com\/index.php\/wp-json\/wp\/v2\/pages\/2461\/revisions"}],"predecessor-version":[{"id":2500,"href":"https:\/\/federicofrazer.com\/index.php\/wp-json\/wp\/v2\/pages\/2461\/revisions\/2500"}],"wp:attachment":[{"href":"https:\/\/federicofrazer.com\/index.php\/wp-json\/wp\/v2\/media?parent=2461"}],"curies":[{"name":"wp","href":"https:\/\/api.w.org\/{rel}","templated":true}]}}