{"id":394,"date":"2021-03-03T02:25:52","date_gmt":"2021-03-03T02:25:52","guid":{"rendered":"https:\/\/federicofrazer.com\/index.php\/biography\/"},"modified":"2024-05-26T14:10:56","modified_gmt":"2024-05-26T14:10:56","slug":"biografia","status":"publish","type":"page","link":"https:\/\/federicofrazer.com\/index.php\/biografia\/","title":{"rendered":"Biograf\u00eda"},"content":{"rendered":"\t\t<div data-elementor-type=\"wp-page\" data-elementor-id=\"394\" class=\"elementor elementor-394\">\n\t\t\t\t\t\t<section class=\"elementor-section elementor-top-section elementor-element elementor-element-d8d5da8 elementor-section-boxed elementor-section-height-default elementor-section-height-default\" data-id=\"d8d5da8\" data-element_type=\"section\">\n\t\t\t\t\t\t<div class=\"elementor-container elementor-column-gap-no\">\n\t\t\t\t\t<div class=\"elementor-column elementor-col-100 elementor-top-column elementor-element elementor-element-5d02d36\" data-id=\"5d02d36\" data-element_type=\"column\">\n\t\t\t<div class=\"elementor-widget-wrap elementor-element-populated\">\n\t\t\t\t\t\t<div class=\"elementor-element elementor-element-3e8c75f elementor-widget elementor-widget-image\" data-id=\"3e8c75f\" data-element_type=\"widget\" data-widget_type=\"image.default\">\n\t\t\t\t<div class=\"elementor-widget-container\">\n\t\t\t\t\t\t\t\t\t\t\t\t\t\t\t<img fetchpriority=\"high\" decoding=\"async\" width=\"768\" height=\"512\" src=\"https:\/\/federicofrazer.com\/wp-content\/uploads\/2023\/02\/DSC7343-768x512.jpg\" class=\"attachment-medium_large size-medium_large wp-image-1739\" alt=\"\" srcset=\"https:\/\/federicofrazer.com\/wp-content\/uploads\/2023\/02\/DSC7343-768x512.jpg 768w, https:\/\/federicofrazer.com\/wp-content\/uploads\/2023\/02\/DSC7343-300x200.jpg 300w, https:\/\/federicofrazer.com\/wp-content\/uploads\/2023\/02\/DSC7343-1024x683.jpg 1024w, https:\/\/federicofrazer.com\/wp-content\/uploads\/2023\/02\/DSC7343-1536x1024.jpg 1536w, https:\/\/federicofrazer.com\/wp-content\/uploads\/2023\/02\/DSC7343-2048x1365.jpg 2048w\" sizes=\"(max-width: 768px) 100vw, 768px\" \/>\t\t\t\t\t\t\t\t\t\t\t\t\t\t\t<\/div>\n\t\t\t\t<\/div>\n\t\t\t\t<section class=\"elementor-section elementor-inner-section elementor-element elementor-element-5b53ec6 elementor-section-boxed elementor-section-height-default elementor-section-height-default\" data-id=\"5b53ec6\" data-element_type=\"section\">\n\t\t\t\t\t\t<div class=\"elementor-container elementor-column-gap-no\">\n\t\t\t\t\t<div class=\"elementor-column elementor-col-100 elementor-inner-column elementor-element elementor-element-aa70106\" data-id=\"aa70106\" data-element_type=\"column\">\n\t\t\t<div class=\"elementor-widget-wrap elementor-element-populated\">\n\t\t\t\t\t\t<div class=\"elementor-element elementor-element-a6633ba elementor-widget elementor-widget-heading\" data-id=\"a6633ba\" data-element_type=\"widget\" data-widget_type=\"heading.default\">\n\t\t\t\t<div class=\"elementor-widget-container\">\n\t\t\t\t\t<h2 class=\"elementor-heading-title elementor-size-default\">Federico Frazer<\/h2>\t\t\t\t<\/div>\n\t\t\t\t<\/div>\n\t\t\t\t<div class=\"elementor-element elementor-element-a9fd274 elementor-widget elementor-widget-text-editor\" data-id=\"a9fd274\" data-element_type=\"widget\" data-widget_type=\"text-editor.default\">\n\t\t\t\t<div class=\"elementor-widget-container\">\n\t\t\t\t\t\t\t\t\t<p><span style=\"font-style: inherit; font-weight: inherit; background-color: var(--ast-global-color-4); color: var(--ast-global-color-3);\">Con casi 20 a\u00f1os en la industria audiovisual, comenz\u00f3 su carrera en el area de Post producci\u00f3n, ejerciendo la funci\u00f3n de\u00a0 Montajista, Coordinador de Post y Colorista, trabajando en cine y publicidad.<\/span><\/p><p>Desde el a\u00f1o 2007 se desempe\u00f1a en el area de c\u00e1mara y fotograf\u00eda, participando en campa\u00f1as publicitarias de primeras marcas, tanto nacionales como internacionales, especializ\u00e1ndose en la filmaci\u00f3n de slow motion y producto , en los \u00faltimos a\u00f1os comenz\u00f3 a incursionar en la producci\u00f3n de ficci\u00f3n, cumpliendo con la director de fotograf\u00eda de los largometrajes \u201cLa leyenda del condor Ciego\u201d de Norman Ruiz\u201d y\u00a0 \u201cUna sola noche\u201d de Luiz Hitoshi Diaz.<\/p><p>Interesado siempre en el peso del encuadre y el trabajo de la luz para crear ambientes, uniendo los conocimientos de post producci\u00f3n y filmaci\u00f3n en set y buscando estar siempre a la vanguardia de la tecnolog\u00eda en favor de la belleza de la imagen.<\/p><p><i>\u00ab\u00bfQue cu\u00e1l de mis fotograf\u00edas es mi favorita? La que voy a tomar ma\u00f1ana.\u00bb<\/i>\u00a0 \u2013\u00a0 <b>Imogen Cunningham<\/b><\/p>\t\t\t\t\t\t\t\t<\/div>\n\t\t\t\t<\/div>\n\t\t\t\t\t<\/div>\n\t\t<\/div>\n\t\t\t\t\t<\/div>\n\t\t<\/section>\n\t\t\t\t\t<\/div>\n\t\t<\/div>\n\t\t\t\t\t<\/div>\n\t\t<\/section>\n\t\t\t\t<\/div>\n\t\t","protected":false},"excerpt":{"rendered":"<p>Federico Frazer Con casi 20 a\u00f1os en la industria audiovisual, comenz\u00f3 su carrera en el area de Post producci\u00f3n, ejerciendo la funci\u00f3n de\u00a0 Montajista, Coordinador de Post y Colorista, trabajando en cine y publicidad. Desde el a\u00f1o 2007 se desempe\u00f1a en el area de c\u00e1mara y fotograf\u00eda, participando en campa\u00f1as publicitarias de primeras marcas, tanto &hellip;<\/p>\n<p class=\"read-more\"> <a class=\"\" href=\"https:\/\/federicofrazer.com\/index.php\/biografia\/\"> <span class=\"screen-reader-text\">Biograf\u00eda<\/span> Read More &raquo;<\/a><\/p>\n","protected":false},"author":1,"featured_media":0,"parent":0,"menu_order":0,"comment_status":"closed","ping_status":"closed","template":"","meta":{"site-sidebar-layout":"no-sidebar","site-content-layout":"page-builder","ast-site-content-layout":"","site-content-style":"default","site-sidebar-style":"default","ast-global-header-display":"","ast-banner-title-visibility":"","ast-main-header-display":"","ast-hfb-above-header-display":"","ast-hfb-below-header-display":"","ast-hfb-mobile-header-display":"","site-post-title":"disabled","ast-breadcrumbs-content":"disabled","ast-featured-img":"disabled","footer-sml-layout":"","theme-transparent-header-meta":"enabled","adv-header-id-meta":"","stick-header-meta":"","header-above-stick-meta":"","header-main-stick-meta":"","header-below-stick-meta":"","astra-migrate-meta-layouts":"","footnotes":""},"_links":{"self":[{"href":"https:\/\/federicofrazer.com\/index.php\/wp-json\/wp\/v2\/pages\/394"}],"collection":[{"href":"https:\/\/federicofrazer.com\/index.php\/wp-json\/wp\/v2\/pages"}],"about":[{"href":"https:\/\/federicofrazer.com\/index.php\/wp-json\/wp\/v2\/types\/page"}],"author":[{"embeddable":true,"href":"https:\/\/federicofrazer.com\/index.php\/wp-json\/wp\/v2\/users\/1"}],"replies":[{"embeddable":true,"href":"https:\/\/federicofrazer.com\/index.php\/wp-json\/wp\/v2\/comments?post=394"}],"version-history":[{"count":25,"href":"https:\/\/federicofrazer.com\/index.php\/wp-json\/wp\/v2\/pages\/394\/revisions"}],"predecessor-version":[{"id":2563,"href":"https:\/\/federicofrazer.com\/index.php\/wp-json\/wp\/v2\/pages\/394\/revisions\/2563"}],"wp:attachment":[{"href":"https:\/\/federicofrazer.com\/index.php\/wp-json\/wp\/v2\/media?parent=394"}],"curies":[{"name":"wp","href":"https:\/\/api.w.org\/{rel}","templated":true}]}}